{"id":88114,"date":"2025-11-27T12:49:54","date_gmt":"2025-11-27T11:49:54","guid":{"rendered":"https:\/\/sylwialewczuk.com\/?page_id=88114"},"modified":"2026-04-02T19:12:00","modified_gmt":"2026-04-02T17:12:00","slug":"sylwia-lewczuk","status":"publish","type":"page","link":"https:\/\/sylwialewczuk.com\/","title":{"rendered":"Sylwia Lewczuk"},"content":{"rendered":"\n\n\n\n\n\n\n\n\n\n\n\n\n\n\n\n\n\n\n\n\n\n\n\n\n\n\n\n\n\n\n\n\n\n\n\n\n\n\n\n\n\n\n\n\n\n\n\n\n\n\n\n\n\n\n\n\n\n\n\n\n\n\n\n\n\n\n\n\n\n\n\n\n\n\n\n\n\n\n\n\n\n\n\n\n\n\n\n\n\n\n\n\n\n\n\n\n\n\n\n\n\n\n\n\n\n\n\n\n\n\n\n\n\n\n\n\n\n\n\n\n\n\n\n\n\n\n\n\n\n\n\n\n\n\n\n\n\n\n\n\n\n\n\n\n\n\n\n\n\n\n\n\n\n\n\n\n\n\n\n\n\n\n\n\n\n\n\n\n\n\n\n\n\n\n\n\n\n\n\n\n\n\n\n\n\n\n\n\n\n\n\n\n\n\n\n\n\n","protected":false},"excerpt":{"rendered":"","protected":false},"author":1,"featured_media":88427,"parent":0,"menu_order":0,"comment_status":"closed","ping_status":"closed","template":"","meta":{"footnotes":""},"class_list":["post-88114","page","type-page","status-publish","has-post-thumbnail","hentry"],"yoast_head":"<!-- This site is optimized with the Yoast SEO plugin v27.2 - https:\/\/yoast.com\/product\/yoast-seo-wordpress\/ -->\n<title>Sylwia Lewczuk \u2013 psycholo\u017cka | Instytut Harmonijnego Rozwoju<\/title>\n<meta name=\"description\" content=\"Jestem psycholo\u017ck\u0105, socjolo\u017ck\u0105, hipnoterapeutk\u0105, trenerk\u0105 \u015bwiadomego j\u0119zyka ruchu i \u015bwiadomej pracy z cia\u0142em, autork\u0105 warsztat\u00f3w rozwojowych.\" \/>\n<meta name=\"robots\" content=\"index, follow, max-snippet:-1, max-image-preview:large, max-video-preview:-1\" \/>\n<link rel=\"canonical\" href=\"https:\/\/sylwialewczuk.com\/\" \/>\n<meta property=\"og:locale\" content=\"en_US\" \/>\n<meta property=\"og:type\" content=\"article\" \/>\n<meta property=\"og:title\" content=\"Sylwia Lewczuk \u2013 psycholo\u017cka | Instytut Harmonijnego Rozwoju\" \/>\n<meta property=\"og:description\" content=\"Jestem psycholo\u017ck\u0105, socjolo\u017ck\u0105, hipnoterapeutk\u0105, trenerk\u0105 \u015bwiadomego j\u0119zyka ruchu i \u015bwiadomej pracy z cia\u0142em, autork\u0105 warsztat\u00f3w rozwojowych.\" \/>\n<meta property=\"og:url\" content=\"https:\/\/sylwialewczuk.com\/\" \/>\n<meta property=\"og:site_name\" content=\"Sylwia Lewczuk \/ INSTYTUT HARMONIJNEGO ROZWOJU\" \/>\n<meta property=\"article:modified_time\" content=\"2026-04-02T17:12:00+00:00\" \/>\n<meta property=\"og:image\" content=\"https:\/\/sylwialewczuk.com\/wp-content\/uploads\/2026\/03\/sl-obrazek-wyrozniajacy-scaled.png\" \/>\n\t<meta property=\"og:image:width\" content=\"2560\" \/>\n\t<meta property=\"og:image:height\" content=\"1435\" \/>\n\t<meta property=\"og:image:type\" content=\"image\/png\" \/>\n<meta name=\"twitter:card\" content=\"summary_large_image\" \/>\n<meta name=\"twitter:label1\" content=\"Est. reading time\" \/>\n\t<meta name=\"twitter:data1\" content=\"1 minute\" \/>\n<script type=\"application\/ld+json\" class=\"yoast-schema-graph\">{\"@context\":\"https:\/\/schema.org\",\"@graph\":[{\"@type\":\"WebPage\",\"@id\":\"https:\/\/sylwialewczuk.com\/\",\"url\":\"https:\/\/sylwialewczuk.com\/\",\"name\":\"Sylwia Lewczuk \u2013 psycholo\u017cka | Instytut Harmonijnego Rozwoju\",\"isPartOf\":{\"@id\":\"https:\/\/sylwialewczuk.com\/#website\"},\"primaryImageOfPage\":{\"@id\":\"https:\/\/sylwialewczuk.com\/#primaryimage\"},\"image\":{\"@id\":\"https:\/\/sylwialewczuk.com\/#primaryimage\"},\"thumbnailUrl\":\"https:\/\/sylwialewczuk.com\/wp-content\/uploads\/2026\/03\/sl-obrazek-wyrozniajacy-scaled.png\",\"datePublished\":\"2025-11-27T11:49:54+00:00\",\"dateModified\":\"2026-04-02T17:12:00+00:00\",\"description\":\"Jestem psycholo\u017ck\u0105, socjolo\u017ck\u0105, hipnoterapeutk\u0105, trenerk\u0105 \u015bwiadomego j\u0119zyka ruchu i \u015bwiadomej pracy z cia\u0142em, autork\u0105 warsztat\u00f3w rozwojowych.\",\"breadcrumb\":{\"@id\":\"https:\/\/sylwialewczuk.com\/#breadcrumb\"},\"inLanguage\":\"en-US\",\"potentialAction\":[{\"@type\":\"ReadAction\",\"target\":[\"https:\/\/sylwialewczuk.com\/\"]}]},{\"@type\":\"ImageObject\",\"inLanguage\":\"en-US\",\"@id\":\"https:\/\/sylwialewczuk.com\/#primaryimage\",\"url\":\"https:\/\/sylwialewczuk.com\/wp-content\/uploads\/2026\/03\/sl-obrazek-wyrozniajacy-scaled.png\",\"contentUrl\":\"https:\/\/sylwialewczuk.com\/wp-content\/uploads\/2026\/03\/sl-obrazek-wyrozniajacy-scaled.png\",\"width\":2560,\"height\":1435,\"caption\":\"psycholog, psychologi Bia\u0142a Podlaska\"},{\"@type\":\"BreadcrumbList\",\"@id\":\"https:\/\/sylwialewczuk.com\/#breadcrumb\",\"itemListElement\":[{\"@type\":\"ListItem\",\"position\":1,\"name\":\"Strona g\u0142\u00f3wna\",\"item\":\"https:\/\/sylwialewczuk.com\/\"},{\"@type\":\"ListItem\",\"position\":2,\"name\":\"Sylwia Lewczuk\"}]},{\"@type\":\"WebSite\",\"@id\":\"https:\/\/sylwialewczuk.com\/#website\",\"url\":\"https:\/\/sylwialewczuk.com\/\",\"name\":\"Sylwia Lewczuk \/ INSTYTUT HARMONIJNEGO ROZWOJU\",\"description\":\"Pokonaj l\u0119k i zbuduj wewn\u0119trzn\u0105 si\u0142\u0119\",\"potentialAction\":[{\"@type\":\"SearchAction\",\"target\":{\"@type\":\"EntryPoint\",\"urlTemplate\":\"https:\/\/sylwialewczuk.com\/?s={search_term_string}\"},\"query-input\":{\"@type\":\"PropertyValueSpecification\",\"valueRequired\":true,\"valueName\":\"search_term_string\"}}],\"inLanguage\":\"en-US\"}]}<\/script>\n<!-- \/ Yoast SEO plugin. -->","yoast_head_json":{"title":"Sylwia Lewczuk \u2013 psycholo\u017cka | Instytut Harmonijnego Rozwoju","description":"Jestem psycholo\u017ck\u0105, socjolo\u017ck\u0105, hipnoterapeutk\u0105, trenerk\u0105 \u015bwiadomego j\u0119zyka ruchu i \u015bwiadomej pracy z cia\u0142em, autork\u0105 warsztat\u00f3w rozwojowych.","robots":{"index":"index","follow":"follow","max-snippet":"max-snippet:-1","max-image-preview":"max-image-preview:large","max-video-preview":"max-video-preview:-1"},"canonical":"https:\/\/sylwialewczuk.com\/","og_locale":"en_US","og_type":"article","og_title":"Sylwia Lewczuk \u2013 psycholo\u017cka | Instytut Harmonijnego Rozwoju","og_description":"Jestem psycholo\u017ck\u0105, socjolo\u017ck\u0105, hipnoterapeutk\u0105, trenerk\u0105 \u015bwiadomego j\u0119zyka ruchu i \u015bwiadomej pracy z cia\u0142em, autork\u0105 warsztat\u00f3w rozwojowych.","og_url":"https:\/\/sylwialewczuk.com\/","og_site_name":"Sylwia Lewczuk \/ INSTYTUT HARMONIJNEGO ROZWOJU","article_modified_time":"2026-04-02T17:12:00+00:00","og_image":[{"width":2560,"height":1435,"url":"https:\/\/sylwialewczuk.com\/wp-content\/uploads\/2026\/03\/sl-obrazek-wyrozniajacy-scaled.png","type":"image\/png"}],"twitter_card":"summary_large_image","twitter_misc":{"Est. reading time":"1 minute"},"schema":{"@context":"https:\/\/schema.org","@graph":[{"@type":"WebPage","@id":"https:\/\/sylwialewczuk.com\/","url":"https:\/\/sylwialewczuk.com\/","name":"Sylwia Lewczuk \u2013 psycholo\u017cka | Instytut Harmonijnego Rozwoju","isPartOf":{"@id":"https:\/\/sylwialewczuk.com\/#website"},"primaryImageOfPage":{"@id":"https:\/\/sylwialewczuk.com\/#primaryimage"},"image":{"@id":"https:\/\/sylwialewczuk.com\/#primaryimage"},"thumbnailUrl":"https:\/\/sylwialewczuk.com\/wp-content\/uploads\/2026\/03\/sl-obrazek-wyrozniajacy-scaled.png","datePublished":"2025-11-27T11:49:54+00:00","dateModified":"2026-04-02T17:12:00+00:00","description":"Jestem psycholo\u017ck\u0105, socjolo\u017ck\u0105, hipnoterapeutk\u0105, trenerk\u0105 \u015bwiadomego j\u0119zyka ruchu i \u015bwiadomej pracy z cia\u0142em, autork\u0105 warsztat\u00f3w rozwojowych.","breadcrumb":{"@id":"https:\/\/sylwialewczuk.com\/#breadcrumb"},"inLanguage":"en-US","potentialAction":[{"@type":"ReadAction","target":["https:\/\/sylwialewczuk.com\/"]}]},{"@type":"ImageObject","inLanguage":"en-US","@id":"https:\/\/sylwialewczuk.com\/#primaryimage","url":"https:\/\/sylwialewczuk.com\/wp-content\/uploads\/2026\/03\/sl-obrazek-wyrozniajacy-scaled.png","contentUrl":"https:\/\/sylwialewczuk.com\/wp-content\/uploads\/2026\/03\/sl-obrazek-wyrozniajacy-scaled.png","width":2560,"height":1435,"caption":"psycholog, psychologi Bia\u0142a Podlaska"},{"@type":"BreadcrumbList","@id":"https:\/\/sylwialewczuk.com\/#breadcrumb","itemListElement":[{"@type":"ListItem","position":1,"name":"Strona g\u0142\u00f3wna","item":"https:\/\/sylwialewczuk.com\/"},{"@type":"ListItem","position":2,"name":"Sylwia Lewczuk"}]},{"@type":"WebSite","@id":"https:\/\/sylwialewczuk.com\/#website","url":"https:\/\/sylwialewczuk.com\/","name":"Sylwia Lewczuk \/ INSTYTUT HARMONIJNEGO ROZWOJU","description":"Pokonaj l\u0119k i zbuduj wewn\u0119trzn\u0105 si\u0142\u0119","potentialAction":[{"@type":"SearchAction","target":{"@type":"EntryPoint","urlTemplate":"https:\/\/sylwialewczuk.com\/?s={search_term_string}"},"query-input":{"@type":"PropertyValueSpecification","valueRequired":true,"valueName":"search_term_string"}}],"inLanguage":"en-US"}]}},"_links":{"self":[{"href":"https:\/\/sylwialewczuk.com\/index.php?rest_route=\/wp\/v2\/pages\/88114","targetHints":{"allow":["GET"]}}],"collection":[{"href":"https:\/\/sylwialewczuk.com\/index.php?rest_route=\/wp\/v2\/pages"}],"about":[{"href":"https:\/\/sylwialewczuk.com\/index.php?rest_route=\/wp\/v2\/types\/page"}],"author":[{"embeddable":true,"href":"https:\/\/sylwialewczuk.com\/index.php?rest_route=\/wp\/v2\/users\/1"}],"replies":[{"embeddable":true,"href":"https:\/\/sylwialewczuk.com\/index.php?rest_route=%2Fwp%2Fv2%2Fcomments&post=88114"}],"version-history":[{"count":217,"href":"https:\/\/sylwialewczuk.com\/index.php?rest_route=\/wp\/v2\/pages\/88114\/revisions"}],"predecessor-version":[{"id":88439,"href":"https:\/\/sylwialewczuk.com\/index.php?rest_route=\/wp\/v2\/pages\/88114\/revisions\/88439"}],"wp:featuredmedia":[{"embeddable":true,"href":"https:\/\/sylwialewczuk.com\/index.php?rest_route=\/wp\/v2\/media\/88427"}],"wp:attachment":[{"href":"https:\/\/sylwialewczuk.com\/index.php?rest_route=%2Fwp%2Fv2%2Fmedia&parent=88114"}],"curies":[{"name":"wp","href":"https:\/\/api.w.org\/{rel}","templated":true}]}}